{"id":5422,"date":"2023-11-28T19:05:47","date_gmt":"2023-11-28T19:05:47","guid":{"rendered":"https:\/\/estatearabic.com\/bizi-ara\/"},"modified":"2023-11-28T19:06:20","modified_gmt":"2023-11-28T19:06:20","slug":"bizi-ara","status":"publish","type":"page","link":"https:\/\/estatearabic.com\/tr\/bizi-ara\/","title":{"rendered":"bizi ara"},"content":{"rendered":"\t\t<div data-elementor-type=\"wp-post\" data-elementor-id=\"5422\" class=\"elementor elementor-5422 elementor-1100\">\n\t\t\t\t\t\t<section class=\"elementor-section elementor-top-section elementor-element elementor-element-17221519 elementor-section-boxed elementor-section-height-default elementor-section-height-default\" data-id=\"17221519\" data-element_type=\"section\" data-e-type=\"section\">\n\t\t\t\t\t\t<div class=\"elementor-container elementor-column-gap-default\">\n\t\t\t\t\t<div class=\"elementor-column elementor-col-100 elementor-top-column elementor-element elementor-element-75ab0490\" data-id=\"75ab0490\" data-element_type=\"column\" data-e-type=\"column\">\n\t\t\t<div class=\"elementor-widget-wrap elementor-element-populated\">\n\t\t\t\t\t\t<div class=\"elementor-element elementor-element-471b5610 elementor-widget elementor-widget-houzez_elementor_space\" data-id=\"471b5610\" data-element_type=\"widget\" data-e-type=\"widget\" data-widget_type=\"houzez_elementor_space.default\">\n\t\t\t\t<div class=\"elementor-widget-container\">\n\t\t\t\t\t        <div class=\"houzez-spacer\">\n            <div class=\"houzez-spacer-inner\"><\/div>\n        <\/div>\n        \t\t\t\t<\/div>\n\t\t\t\t<\/div>\n\t\t\t\t<div class=\"elementor-element elementor-element-5a09826e elementor-widget elementor-widget-heading\" data-id=\"5a09826e\" data-element_type=\"widget\" data-e-type=\"widget\" data-widget_type=\"heading.default\">\n\t\t\t\t<div class=\"elementor-widget-container\">\n\t\t\t\t\t<h1 class=\"elementor-heading-title elementor-size-xl\">bizi ara<\/h1>\t\t\t\t<\/div>\n\t\t\t\t<\/div>\n\t\t\t\t<div class=\"elementor-element elementor-element-21c55ecf elementor-widget elementor-widget-heading\" data-id=\"21c55ecf\" data-element_type=\"widget\" data-e-type=\"widget\" data-widget_type=\"heading.default\">\n\t\t\t\t<div class=\"elementor-widget-container\">\n\t\t\t\t\t<p class=\"elementor-heading-title elementor-size-medium\">Her t\u00fcrl\u00fc dinlenmeye uygun benzersiz \u00f6zellikler sunuyoruz<\/p>\t\t\t\t<\/div>\n\t\t\t\t<\/div>\n\t\t\t\t<div class=\"elementor-element elementor-element-374aee2 elementor-widget elementor-widget-houzez_elementor_space\" data-id=\"374aee2\" data-element_type=\"widget\" data-e-type=\"widget\" data-widget_type=\"houzez_elementor_space.default\">\n\t\t\t\t<div class=\"elementor-widget-container\">\n\t\t\t\t\t        <div class=\"houzez-spacer\">\n            <div class=\"houzez-spacer-inner\"><\/div>\n        <\/div>\n        \t\t\t\t<\/div>\n\t\t\t\t<\/div>\n\t\t\t\t\t<\/div>\n\t\t<\/div>\n\t\t\t\t\t<\/div>\n\t\t<\/section>\n\t\t\t\t<section class=\"elementor-section elementor-top-section elementor-element elementor-element-6d834ca0 elementor-section-boxed elementor-section-height-default elementor-section-height-default\" data-id=\"6d834ca0\" data-element_type=\"section\" data-e-type=\"section\">\n\t\t\t\t\t\t<div class=\"elementor-container elementor-column-gap-default\">\n\t\t\t\t\t<div class=\"elementor-column elementor-col-50 elementor-top-column elementor-element elementor-element-3987d9c8\" data-id=\"3987d9c8\" data-element_type=\"column\" data-e-type=\"column\">\n\t\t\t<div class=\"elementor-widget-wrap elementor-element-populated\">\n\t\t\t\t\t\t<div class=\"elementor-element elementor-element-258569e elementor-button-align-stretch elementor-widget elementor-widget-houzez_elementor_contact_form\" data-id=\"258569e\" data-element_type=\"widget\" data-e-type=\"widget\" data-widget_type=\"houzez_elementor_contact_form.default\">\n\t\t\t\t<div class=\"elementor-widget-container\">\n\t\t\t\t\t\n        <script type=\"application\/javascript\">\n            jQuery(document).bind(\"ready\", function () {\n                houzezValidateElementor(\"#houzez-form-258569e\" );\n            });\n        <\/script>\n\n        <form class=\"elementor-form houzez-ele-form-js\" id=\"houzez-form-258569e\" method=\"post\" name=\"Yeni form\" action=\"https:\/\/estatearabic.com\/wp-admin\/admin-ajax.php\">\n            <input type=\"hidden\" name=\"form_id\" value=\"258569e\"\/>\n            <input type=\"hidden\" name=\"houzez_contact_form\" value=\"yes\"\/>\n            <input type=\"hidden\" name=\"action\" value=\"houzez_ele_contact_form\" \/>\n            <input type=\"hidden\" name=\"source_link\" value=\"https:\/\/estatearabic.com\/tr\/bizi-ara\/\" \/>\n            <input type=\"hidden\" name=\"lead_page_id\" value=\"5422\" \/>\n            <input type=\"hidden\" name=\"webhook\" value=\"false\" \/>\n            <input type=\"hidden\" name=\"webhook_url\" value=\"\" \/>\n            <input type=\"hidden\" name=\"redirect_to\" value=\"\" \/>\n            <input type=\"hidden\" name=\"google_recaptcha\" value=\"false\" \/>\n            \n\n            <div class=\"elementor-form-fields-wrapper elementor-labels-above\">\n\n                                    <div class=\"elementor-field-group elementor-column form-group elementor-field-group-name elementor-col-50\">\n                    <label for=\"form-field-name\" class=\"form-label elementor-field-label\">\u0130lk ad\u0131<\/label><input type=\"text\" name=\"first_name\" id=\"form-field-name\" class=\"elementor-field form-control elementor-size-sm elementor-field-textual\" placeholder=\"\u0130lk ad\u0131\" title=\"* \u0130lk ad\u0131\">                    <\/div>\n\n                                        <div class=\"elementor-field-group elementor-column form-group elementor-field-group-e30da64 elementor-col-50\">\n                    <label for=\"form-field-e30da64\" class=\"form-label elementor-field-label\">Soy isim<\/label><input type=\"text\" name=\"last_name\" id=\"form-field-e30da64\" class=\"elementor-field form-control elementor-size-sm elementor-field-textual\" placeholder=\"Soy isim\" title=\"* Soy isim\">                    <\/div>\n\n                                        <div class=\"elementor-field-group elementor-column form-group elementor-field-group-email elementor-col-100 elementor-field-required\">\n                    <label for=\"form-field-email\" class=\"form-label elementor-field-label\">E-posta<\/label><input type=\"email\" name=\"email\" id=\"form-field-email\" class=\"elementor-field form-control elementor-size-sm elementor-field-textual\" placeholder=\"E-posta\" title=\"* E-posta\" required=\"required\">                    <\/div>\n\n                                        <div class=\"elementor-field-group elementor-column form-group elementor-field-group-message elementor-col-100\">\n                    <label for=\"form-field-message\" class=\"form-label elementor-field-label\">\u0130leti<\/label><textarea class=\"elementor-field-textual elementor-field elementor-size-sm\" name=\"message\" id=\"form-field-message\" rows=\"4\" placeholder=\"\u0130leti\"><\/textarea>                    <\/div>\n\n                    \n                    \n                    \n                    <div class=\"elementor-field-group elementor-column elementor-field-type-submit elementor-col-100\">\n                    <button type=\"submit\" class=\"houzez-submit-button houzez-contact-form-js elementor-button elementor-size-sm\">\n                        <i class=\"houzez-loader-js houzez-hidden spinner-border spinner-border-sm\"><\/i>\n                                                    Submit                                            <\/button>\n                <\/div>\n            <\/div><!-- End wrapper-->\n            <br\/>\n            <div class=\"ele-form-messages\"><\/div>\n            <div class=\"error-container\"><\/div>\n\n        <\/form>\n\n    \t\t\t\t<\/div>\n\t\t\t\t<\/div>\n\t\t\t\t\t<\/div>\n\t\t<\/div>\n\t\t\t\t<div class=\"elementor-column elementor-col-50 elementor-top-column elementor-element elementor-element-6429e6fb\" data-id=\"6429e6fb\" data-element_type=\"column\" data-e-type=\"column\">\n\t\t\t<div class=\"elementor-widget-wrap elementor-element-populated\">\n\t\t\t\t\t\t<div class=\"elementor-element elementor-element-5792fa14 elementor-widget elementor-widget-text-editor\" data-id=\"5792fa14\" data-element_type=\"widget\" data-e-type=\"widget\" data-widget_type=\"text-editor.default\">\n\t\t\t\t<div class=\"elementor-widget-container\">\n\t\t\t\t\t\t\t\t\t<div class=\"wpb_text_column wpb_content_element \">\n<div class=\"wpb_wrapper\">\n<h5>\u0130stanbul&#8217;da yer<\/h5>\n<p>P\u0130R\u0130 MEHMET PA\u015eA MAH. ATAT\u00dcRK CAD. HAYIR: 39 S\u0130L\u0130VR\u0130\/ \u0130STANBUL Silivri \u0130stanbul \/ T\u00fcrkiye<\/p>\n<ul>\n<li><a href=\"tel:00905343955053\">00905343955053<\/a><\/li>\n<li><a href=\"tel:00905326414249\">00905326414249<\/a><\/li>\n<\/ul>\n<\/div>\n<\/div>\n\t\t\t\t\t\t\t\t<\/div>\n\t\t\t\t<\/div>\n\t\t\t\t\t<\/div>\n\t\t<\/div>\n\t\t\t\t\t<\/div>\n\t\t<\/section>\n\t\t\t\t<section class=\"elementor-section elementor-top-section elementor-element elementor-element-484ae7d elementor-section-boxed elementor-section-height-default elementor-section-height-default\" data-id=\"484ae7d\" data-element_type=\"section\" data-e-type=\"section\">\n\t\t\t\t\t\t<div class=\"elementor-container elementor-column-gap-default\">\n\t\t\t\t\t<div class=\"elementor-column elementor-col-100 elementor-top-column elementor-element elementor-element-d92c422\" data-id=\"d92c422\" data-element_type=\"column\" data-e-type=\"column\">\n\t\t\t<div class=\"elementor-widget-wrap elementor-element-populated\">\n\t\t\t\t\t\t<div class=\"elementor-element elementor-element-c99f6eb elementor-widget elementor-widget-houzez_elementor_space\" data-id=\"c99f6eb\" data-element_type=\"widget\" data-e-type=\"widget\" data-widget_type=\"houzez_elementor_space.default\">\n\t\t\t\t<div class=\"elementor-widget-container\">\n\t\t\t\t\t        <div class=\"houzez-spacer\">\n            <div class=\"houzez-spacer-inner\"><\/div>\n        <\/div>\n        \t\t\t\t<\/div>\n\t\t\t\t<\/div>\n\t\t\t\t\t<\/div>\n\t\t<\/div>\n\t\t\t\t\t<\/div>\n\t\t<\/section>\n\t\t\t\t<\/div>\n\t\t","protected":false},"excerpt":{"rendered":"<p>bizi ara Her t\u00fcrl\u00fc dinlenmeye uygun benzersiz \u00f6zellikler sunuyoruz \u0130lk ad\u0131 Soy isim E-posta \u0130leti Submit \u0130stanbul&#8217;da yer P\u0130R\u0130 MEHMET PA\u015eA MAH. ATAT\u00dcRK CAD. HAYIR: 39 S\u0130L\u0130VR\u0130\/ \u0130STANBUL Silivri \u0130stanbul \/ T\u00fcrkiye 00905343955053 00905326414249<\/p>\n","protected":false},"author":1,"featured_media":0,"parent":0,"menu_order":0,"comment_status":"closed","ping_status":"closed","template":"elementor_header_footer","meta":{"footnotes":""},"class_list":["post-5422","page","type-page","status-publish","hentry"],"yoast_head":"<!-- This site is optimized with the Yoast SEO plugin v27.3 - https:\/\/yoast.com\/product\/yoast-seo-wordpress\/ -->\n<title>bizi ara - \u0634\u0631\u0643\u0629\u0639\u0642\u0627\u0631\u0643<\/title>\n<meta name=\"robots\" content=\"index, follow, max-snippet:-1, max-image-preview:large, max-video-preview:-1\" \/>\n<link rel=\"canonical\" href=\"https:\/\/estatearabic.com\/tr\/bizi-ara\/\" \/>\n<meta property=\"og:locale\" content=\"tr_TR\" \/>\n<meta property=\"og:type\" content=\"article\" \/>\n<meta property=\"og:title\" content=\"bizi ara - \u0634\u0631\u0643\u0629\u0639\u0642\u0627\u0631\u0643\" \/>\n<meta property=\"og:description\" content=\"bizi ara Her t\u00fcrl\u00fc dinlenmeye uygun benzersiz \u00f6zellikler sunuyoruz \u0130lk ad\u0131 Soy isim E-posta \u0130leti Submit \u0130stanbul&#8217;da yer P\u0130R\u0130 MEHMET PA\u015eA MAH. ATAT\u00dcRK CAD. HAYIR: 39 S\u0130L\u0130VR\u0130\/ \u0130STANBUL Silivri \u0130stanbul \/ T\u00fcrkiye 00905343955053 00905326414249\" \/>\n<meta property=\"og:url\" content=\"https:\/\/estatearabic.com\/tr\/bizi-ara\/\" \/>\n<meta property=\"og:site_name\" content=\"\u0634\u0631\u0643\u0629\u0639\u0642\u0627\u0631\u0643\" \/>\n<meta property=\"article:publisher\" content=\"https:\/\/www.facebook.com\/estatearabic\" \/>\n<meta property=\"article:modified_time\" content=\"2023-11-28T19:06:20+00:00\" \/>\n<meta property=\"og:image\" content=\"https:\/\/estatearabic.com\/wp-content\/uploads\/2020\/12\/estate4ana.png\" \/>\n\t<meta property=\"og:image:width\" content=\"254\" \/>\n\t<meta property=\"og:image:height\" content=\"58\" \/>\n\t<meta property=\"og:image:type\" content=\"image\/png\" \/>\n<meta name=\"twitter:card\" content=\"summary_large_image\" \/>\n<meta name=\"twitter:site\" content=\"@mertestate\" \/>\n<script type=\"application\/ld+json\" class=\"yoast-schema-graph\">{\"@context\":\"https:\\\/\\\/schema.org\",\"@graph\":[{\"@type\":\"WebPage\",\"@id\":\"https:\\\/\\\/estatearabic.com\\\/tr\\\/bizi-ara\\\/\",\"url\":\"https:\\\/\\\/estatearabic.com\\\/tr\\\/bizi-ara\\\/\",\"name\":\"bizi ara - \u0634\u0631\u0643\u0629\u0639\u0642\u0627\u0631\u0643\",\"isPartOf\":{\"@id\":\"https:\\\/\\\/estatearabic.com\\\/tr\\\/#website\"},\"datePublished\":\"2023-11-28T19:05:47+00:00\",\"dateModified\":\"2023-11-28T19:06:20+00:00\",\"breadcrumb\":{\"@id\":\"https:\\\/\\\/estatearabic.com\\\/tr\\\/bizi-ara\\\/#breadcrumb\"},\"inLanguage\":\"tr\",\"potentialAction\":[{\"@type\":\"ReadAction\",\"target\":[\"https:\\\/\\\/estatearabic.com\\\/tr\\\/bizi-ara\\\/\"]}]},{\"@type\":\"BreadcrumbList\",\"@id\":\"https:\\\/\\\/estatearabic.com\\\/tr\\\/bizi-ara\\\/#breadcrumb\",\"itemListElement\":[{\"@type\":\"ListItem\",\"position\":1,\"name\":\"Home\",\"item\":\"https:\\\/\\\/estatearabic.com\\\/tr\\\/\"},{\"@type\":\"ListItem\",\"position\":2,\"name\":\"bizi ara\"}]},{\"@type\":\"WebSite\",\"@id\":\"https:\\\/\\\/estatearabic.com\\\/tr\\\/#website\",\"url\":\"https:\\\/\\\/estatearabic.com\\\/tr\\\/\",\"name\":\"\u0645\u0631\u062a \u0644\u0644\u0639\u0642\u0627\u0631\u0627\u062a \u0639\u0642\u0627\u0631\u0627\u062a \u0634\u0642\u0642 \u0648\u0627\u0631\u0627\u0636\u064a \u0644\u0644\u0628\u064a\u0639 \u0641\u064a \u062a\u0631\u0643\u064a\u0627 \u0627\u0633\u0637\u0646\u0628\u0648\",\"description\":\"\u0634\u0642\u0642 \u0644\u0644\u0628\u064a\u0639 \u0641\u064a \u0627\u0633\u0637\u0646\u0628\u0648\u0644 \u0648\u0634\u0642\u0642 \u0644\u0644\u0628\u064a\u0639 \u0641\u064a \u062a\u0631\u0643\u064a\u0627 \u0628\u0648\u0627\u0633\u0637\u0629 \u0631\u0627\u0626\u062f\u0629 \u0627\u0644\u0625\u0633\u062a\u0634\u0627\u0631\u0627\u062a \u0623\u0631\u0627\u0636\u064a \u0648\u0645\u0632\u0627\u0631\u0639 \u0628\u0627\u0644\u062a\u0642\u0633\u064a\u0637 \u0648\u0628\u0623\u0633\u0639\u0627\u0631 \u0645\u0645\u064a\u0632\u0629 \u0641\u064a \u0643\u0627\u0641\u0629 \u0645\u062f\u0646 \u062a\u0631\u0643\u064a\u0627 \u0633\u064a\u0644\u0641\u0631\u064a \u0648 \u0627\u062f\u064a\u0631\u0646\u0627.\",\"publisher\":{\"@id\":\"https:\\\/\\\/estatearabic.com\\\/tr\\\/#organization\"},\"alternateName\":\"\u0645\u0631\u062a \u0644\u0644\u0639\u0642\u0627\u0631\u0627\u062a\",\"potentialAction\":[{\"@type\":\"SearchAction\",\"target\":{\"@type\":\"EntryPoint\",\"urlTemplate\":\"https:\\\/\\\/estatearabic.com\\\/tr\\\/?s={search_term_string}\"},\"query-input\":{\"@type\":\"PropertyValueSpecification\",\"valueRequired\":true,\"valueName\":\"search_term_string\"}}],\"inLanguage\":\"tr\"},{\"@type\":\"Organization\",\"@id\":\"https:\\\/\\\/estatearabic.com\\\/tr\\\/#organization\",\"name\":\"\u0645\u0631\u062a \u0644\u0644\u0639\u0642\u0627\u0631\u0627\u062a \u0639\u0642\u0627\u0631\u0627\u062a \u0634\u0642\u0642 \u0648\u0627\u0631\u0627\u0636\u064a \u0644\u0644\u0628\u064a\u0639 \u0641\u064a \u062a\u0631\u0643\u064a\u0627 \u0627\u0633\u0637\u0646\u0628\u0648\",\"alternateName\":\"\u0645\u0631\u062a \u0644\u0644\u0639\u0642\u0627\u0631\u0627\u062a\",\"url\":\"https:\\\/\\\/estatearabic.com\\\/tr\\\/\",\"logo\":{\"@type\":\"ImageObject\",\"inLanguage\":\"tr\",\"@id\":\"https:\\\/\\\/estatearabic.com\\\/tr\\\/#\\\/schema\\\/logo\\\/image\\\/\",\"url\":\"https:\\\/\\\/estatearabic.com\\\/wp-content\\\/uploads\\\/2020\\\/12\\\/estate4ana.png\",\"contentUrl\":\"https:\\\/\\\/estatearabic.com\\\/wp-content\\\/uploads\\\/2020\\\/12\\\/estate4ana.png\",\"width\":254,\"height\":58,\"caption\":\"\u0645\u0631\u062a \u0644\u0644\u0639\u0642\u0627\u0631\u0627\u062a \u0639\u0642\u0627\u0631\u0627\u062a \u0634\u0642\u0642 \u0648\u0627\u0631\u0627\u0636\u064a \u0644\u0644\u0628\u064a\u0639 \u0641\u064a \u062a\u0631\u0643\u064a\u0627 \u0627\u0633\u0637\u0646\u0628\u0648\"},\"image\":{\"@id\":\"https:\\\/\\\/estatearabic.com\\\/tr\\\/#\\\/schema\\\/logo\\\/image\\\/\"},\"sameAs\":[\"https:\\\/\\\/www.facebook.com\\\/estatearabic\",\"https:\\\/\\\/x.com\\\/mertestate\",\"https:\\\/\\\/www.instagram.com\\\/estatearabic\\\/\",\"https:\\\/\\\/www.youtube.com\\\/channel\\\/UCZ28bRxh7HU_DSJNyrYIHsg\"]}]}<\/script>\n<!-- \/ Yoast SEO plugin. -->","yoast_head_json":{"title":"bizi ara - \u0634\u0631\u0643\u0629\u0639\u0642\u0627\u0631\u0643","robots":{"index":"index","follow":"follow","max-snippet":"max-snippet:-1","max-image-preview":"max-image-preview:large","max-video-preview":"max-video-preview:-1"},"canonical":"https:\/\/estatearabic.com\/tr\/bizi-ara\/","og_locale":"tr_TR","og_type":"article","og_title":"bizi ara - \u0634\u0631\u0643\u0629\u0639\u0642\u0627\u0631\u0643","og_description":"bizi ara Her t\u00fcrl\u00fc dinlenmeye uygun benzersiz \u00f6zellikler sunuyoruz \u0130lk ad\u0131 Soy isim E-posta \u0130leti Submit \u0130stanbul&#8217;da yer P\u0130R\u0130 MEHMET PA\u015eA MAH. ATAT\u00dcRK CAD. HAYIR: 39 S\u0130L\u0130VR\u0130\/ \u0130STANBUL Silivri \u0130stanbul \/ T\u00fcrkiye 00905343955053 00905326414249","og_url":"https:\/\/estatearabic.com\/tr\/bizi-ara\/","og_site_name":"\u0634\u0631\u0643\u0629\u0639\u0642\u0627\u0631\u0643","article_publisher":"https:\/\/www.facebook.com\/estatearabic","article_modified_time":"2023-11-28T19:06:20+00:00","og_image":[{"width":254,"height":58,"url":"https:\/\/estatearabic.com\/wp-content\/uploads\/2020\/12\/estate4ana.png","type":"image\/png"}],"twitter_card":"summary_large_image","twitter_site":"@mertestate","schema":{"@context":"https:\/\/schema.org","@graph":[{"@type":"WebPage","@id":"https:\/\/estatearabic.com\/tr\/bizi-ara\/","url":"https:\/\/estatearabic.com\/tr\/bizi-ara\/","name":"bizi ara - \u0634\u0631\u0643\u0629\u0639\u0642\u0627\u0631\u0643","isPartOf":{"@id":"https:\/\/estatearabic.com\/tr\/#website"},"datePublished":"2023-11-28T19:05:47+00:00","dateModified":"2023-11-28T19:06:20+00:00","breadcrumb":{"@id":"https:\/\/estatearabic.com\/tr\/bizi-ara\/#breadcrumb"},"inLanguage":"tr","potentialAction":[{"@type":"ReadAction","target":["https:\/\/estatearabic.com\/tr\/bizi-ara\/"]}]},{"@type":"BreadcrumbList","@id":"https:\/\/estatearabic.com\/tr\/bizi-ara\/#breadcrumb","itemListElement":[{"@type":"ListItem","position":1,"name":"Home","item":"https:\/\/estatearabic.com\/tr\/"},{"@type":"ListItem","position":2,"name":"bizi ara"}]},{"@type":"WebSite","@id":"https:\/\/estatearabic.com\/tr\/#website","url":"https:\/\/estatearabic.com\/tr\/","name":"\u0645\u0631\u062a \u0644\u0644\u0639\u0642\u0627\u0631\u0627\u062a \u0639\u0642\u0627\u0631\u0627\u062a \u0634\u0642\u0642 \u0648\u0627\u0631\u0627\u0636\u064a \u0644\u0644\u0628\u064a\u0639 \u0641\u064a \u062a\u0631\u0643\u064a\u0627 \u0627\u0633\u0637\u0646\u0628\u0648","description":"\u0634\u0642\u0642 \u0644\u0644\u0628\u064a\u0639 \u0641\u064a \u0627\u0633\u0637\u0646\u0628\u0648\u0644 \u0648\u0634\u0642\u0642 \u0644\u0644\u0628\u064a\u0639 \u0641\u064a \u062a\u0631\u0643\u064a\u0627 \u0628\u0648\u0627\u0633\u0637\u0629 \u0631\u0627\u0626\u062f\u0629 \u0627\u0644\u0625\u0633\u062a\u0634\u0627\u0631\u0627\u062a \u0623\u0631\u0627\u0636\u064a \u0648\u0645\u0632\u0627\u0631\u0639 \u0628\u0627\u0644\u062a\u0642\u0633\u064a\u0637 \u0648\u0628\u0623\u0633\u0639\u0627\u0631 \u0645\u0645\u064a\u0632\u0629 \u0641\u064a \u0643\u0627\u0641\u0629 \u0645\u062f\u0646 \u062a\u0631\u0643\u064a\u0627 \u0633\u064a\u0644\u0641\u0631\u064a \u0648 \u0627\u062f\u064a\u0631\u0646\u0627.","publisher":{"@id":"https:\/\/estatearabic.com\/tr\/#organization"},"alternateName":"\u0645\u0631\u062a \u0644\u0644\u0639\u0642\u0627\u0631\u0627\u062a","potentialAction":[{"@type":"SearchAction","target":{"@type":"EntryPoint","urlTemplate":"https:\/\/estatearabic.com\/tr\/?s={search_term_string}"},"query-input":{"@type":"PropertyValueSpecification","valueRequired":true,"valueName":"search_term_string"}}],"inLanguage":"tr"},{"@type":"Organization","@id":"https:\/\/estatearabic.com\/tr\/#organization","name":"\u0645\u0631\u062a \u0644\u0644\u0639\u0642\u0627\u0631\u0627\u062a \u0639\u0642\u0627\u0631\u0627\u062a \u0634\u0642\u0642 \u0648\u0627\u0631\u0627\u0636\u064a \u0644\u0644\u0628\u064a\u0639 \u0641\u064a \u062a\u0631\u0643\u064a\u0627 \u0627\u0633\u0637\u0646\u0628\u0648","alternateName":"\u0645\u0631\u062a \u0644\u0644\u0639\u0642\u0627\u0631\u0627\u062a","url":"https:\/\/estatearabic.com\/tr\/","logo":{"@type":"ImageObject","inLanguage":"tr","@id":"https:\/\/estatearabic.com\/tr\/#\/schema\/logo\/image\/","url":"https:\/\/estatearabic.com\/wp-content\/uploads\/2020\/12\/estate4ana.png","contentUrl":"https:\/\/estatearabic.com\/wp-content\/uploads\/2020\/12\/estate4ana.png","width":254,"height":58,"caption":"\u0645\u0631\u062a \u0644\u0644\u0639\u0642\u0627\u0631\u0627\u062a \u0639\u0642\u0627\u0631\u0627\u062a \u0634\u0642\u0642 \u0648\u0627\u0631\u0627\u0636\u064a \u0644\u0644\u0628\u064a\u0639 \u0641\u064a \u062a\u0631\u0643\u064a\u0627 \u0627\u0633\u0637\u0646\u0628\u0648"},"image":{"@id":"https:\/\/estatearabic.com\/tr\/#\/schema\/logo\/image\/"},"sameAs":["https:\/\/www.facebook.com\/estatearabic","https:\/\/x.com\/mertestate","https:\/\/www.instagram.com\/estatearabic\/","https:\/\/www.youtube.com\/channel\/UCZ28bRxh7HU_DSJNyrYIHsg"]}]}},"_links":{"self":[{"href":"https:\/\/estatearabic.com\/tr\/wp-json\/wp\/v2\/pages\/5422","targetHints":{"allow":["GET"]}}],"collection":[{"href":"https:\/\/estatearabic.com\/tr\/wp-json\/wp\/v2\/pages"}],"about":[{"href":"https:\/\/estatearabic.com\/tr\/wp-json\/wp\/v2\/types\/page"}],"author":[{"embeddable":true,"href":"https:\/\/estatearabic.com\/tr\/wp-json\/wp\/v2\/users\/1"}],"replies":[{"embeddable":true,"href":"https:\/\/estatearabic.com\/tr\/wp-json\/wp\/v2\/comments?post=5422"}],"version-history":[{"count":0,"href":"https:\/\/estatearabic.com\/tr\/wp-json\/wp\/v2\/pages\/5422\/revisions"}],"wp:attachment":[{"href":"https:\/\/estatearabic.com\/tr\/wp-json\/wp\/v2\/media?parent=5422"}],"curies":[{"name":"wp","href":"https:\/\/api.w.org\/{rel}","templated":true}]}}