{"id":748,"date":"2016-03-10T18:52:12","date_gmt":"2016-03-10T18:52:12","guid":{"rendered":"https:\/\/demo05.houzez.co\/?page_id=748"},"modified":"2023-12-04T15:20:41","modified_gmt":"2023-12-04T15:20:41","slug":"kullanim-kosullari","status":"publish","type":"page","link":"https:\/\/estatearabic.com\/tr\/kullanim-kosullari\/","title":{"rendered":"Kullan\u0131m Ko\u015fullar\u0131"},"content":{"rendered":"<p>Estate Arabic Kullan\u0131m Ko\u015fullar\u0131<\/p>\n<p>1. Taraflar<\/p>\n<p>\u0130\u015fbu Emlak Web Sitesi Kullan\u0131m Ko\u015fullar\u0131 (\u201cKullan\u0131m Ko\u015fullar\u0131\u201d), [Estate Arabic] (\u201cEmlak Sitesi\u201d) taraf\u0131ndan i\u015fletilen [<a href=\"https:\/\/estatearabic.com\/\">estatearabic.com<\/a>] adresli web sitesini (\u201cWeb Sitesi\u201d) kullanan ger\u00e7ek veya t\u00fczel ki\u015filer (\u201cKullan\u0131c\u0131\u201d) ile Emlak Sitesi aras\u0131nda akdedilmi\u015ftir.<\/p>\n<p>2. Kapsam<\/p>\n<p>Kullan\u0131m Ko\u015fullar\u0131, Kullan\u0131c\u0131\u2019n\u0131n Web Sitesi\u2019ni kullanmas\u0131n\u0131 d\u00fczenlemektedir. Kullan\u0131c\u0131, Web Sitesi\u2019ni kullanmakla, i\u015fbu Kullan\u0131m Ko\u015fullar\u0131\u2019n\u0131 kabul etmi\u015f say\u0131l\u0131r.<\/p>\n<p>3. Tan\u0131mlar<\/p>\n<p>\u0130\u015fbu Kullan\u0131m Ko\u015fullar\u0131\u2019nda ge\u00e7en;<\/p>\n<p>* \u201cEmlak Sitesi\u201d: [Estate Arabic] taraf\u0131ndan i\u015fletilen [<a href=\"https:\/\/estatearabic.com\/\">estatearabic.com<\/a>] adresli web sitesini,<br \/>\n* \u201cKullan\u0131c\u0131\u201d: Web Sitesi\u2019ni kullanan ger\u00e7ek veya t\u00fczel ki\u015fiyi,<br \/>\n* \u201c\u00dcye\u201d: Web Sitesi\u2019ne \u00fcye olan Kullan\u0131c\u0131\u2019y\u0131,<br \/>\n* \u201cAbone\u201d: Web Sitesi\u2019ne abone olan Kullan\u0131c\u0131\u2019y\u0131,<br \/>\nifade eder.<\/p>\n<p>4. Web Sitesi\u2019nin Kullan\u0131m\u0131<\/p>\n<p>Kullan\u0131c\u0131, Web Sitesi\u2019ni, i\u015fbu Kullan\u0131m Ko\u015fullar\u0131\u2019na ve y\u00fcr\u00fcrl\u00fckteki t\u00fcm mevzuata uygun olarak kullanacakt\u0131r. Kullan\u0131c\u0131, Web Sitesi\u2019ni a\u015fa\u011f\u0131daki ama\u00e7lar i\u00e7in kullanamaz:<\/p>\n<p>* Web Sitesi\u2019ni, herhangi bir \u015fekilde yasad\u0131\u015f\u0131 veya zararl\u0131 ama\u00e7larla kullanmak,<br \/>\n* Web Sitesi\u2019nde yer alan i\u00e7erikleri, herhangi bir \u015fekilde izinsiz olarak \u00e7o\u011faltmak, yay\u0131nlamak, de\u011fi\u015ftirmek, da\u011f\u0131tmak, sergilemek, kiralamak, \u00f6d\u00fcn\u00e7 vermek, satmak veya ba\u015fka bir \u015fekilde devralmak,<br \/>\n* Web Sitesi\u2019ni, herhangi bir \u015fekilde Emlak Sitesi\u2019nin veya \u00fc\u00e7\u00fcnc\u00fc ki\u015filerin haklar\u0131n\u0131 ihlal etmek i\u00e7in kullanmak,<br \/>\n* Web Sitesi\u2019ni, herhangi bir \u015fekilde ba\u015fkalar\u0131n\u0131n \u015fahsi veya \u00f6zel bilgilerini izinsiz olarak elde etmek veya kullanmak i\u00e7in kullanmak,<br \/>\n* Web Sitesi\u2019ni, herhangi bir \u015fekilde spam veya ba\u015fka bir \u015fekilde istenmeyen elektronik posta g\u00f6ndermek i\u00e7in kullanmak.<\/p>\n<p>5. Emlak Sitesi\u2019ndeki \u0130\u00e7erik<\/p>\n<p>Emlak Sitesi\u2019nde yer alan i\u00e7erikler, Emlak Sitesi taraf\u0131ndan veya \u00fc\u00e7\u00fcnc\u00fc ki\u015filer taraf\u0131ndan sa\u011flanabilir. Emlak Sitesi, Web Sitesi\u2019nde yer alan i\u00e7eriklerin do\u011frulu\u011funu, g\u00fcncelli\u011fini veya g\u00fcvenilirli\u011fini garanti etmez.<\/p>\n<p>6. Emlak Sitesi\u2019nin Sorumlulu\u011fu<\/p>\n<p>Emlak Sitesi, Web Sitesi\u2019nde yer alan i\u00e7eriklerden veya Kullan\u0131c\u0131lar taraf\u0131ndan yap\u0131lan i\u015flemlerden kaynaklanabilecek hi\u00e7bir zarardan sorumlu de\u011fildir.<\/p>\n<p>7. Kullan\u0131c\u0131\u2019n\u0131n Sorumlulu\u011fu<\/p>\n<p>Kullan\u0131c\u0131, Web Sitesi\u2019ni kullan\u0131rken, kendi eylemlerinden veya ihmallerinden kaynaklanabilecek t\u00fcm riskleri kabul eder. Kullan\u0131c\u0131, Web Sitesi\u2019ni kullan\u0131rken, \u00fc\u00e7\u00fcnc\u00fc ki\u015filerin haklar\u0131n\u0131 ihlal etmemek ve y\u00fcr\u00fcrl\u00fckteki t\u00fcm mevzuata uymak i\u00e7in gerekli t\u00fcm \u00f6zeni g\u00f6sterecektir.<\/p>\n<p>8. De\u011fi\u015fiklikler<\/p>\n<p>Emlak Sitesi, i\u015fbu Kullan\u0131m Ko\u015fullar\u0131\u2019n\u0131 herhangi bir zamanda, \u00f6nceden haber vermeksizin de\u011fi\u015ftirebilir. De\u011fi\u015fiklik yap\u0131lan Kullan\u0131m Ko\u015fullar\u0131, Web Sitesi\u2019nde yay\u0131nland\u0131\u011f\u0131 tarihte y\u00fcr\u00fcrl\u00fc\u011fe girer. Kullan\u0131c\u0131, Web Sitesi\u2019ni kullanmaya devam etti\u011fi takdirde, de\u011fi\u015ftirilen Kullan\u0131m Ko\u015fullar\u0131\u2019n\u0131 kabul etmi\u015f say\u0131l\u0131r.<\/p>\n<p>9. Uygulanacak Hukuk ve Yetki<\/p>\n<p>\u0130\u015fbu Kullan\u0131m Ko\u015fullar\u0131, T\u00fcrkiye Cumhuriyeti kanunlar\u0131na tabidir ve bu kanunlara g\u00f6re yorumlan\u0131r. \u0130\u015fbu Kullan\u0131m Ko\u015fullar\u0131\u2019ndan kaynaklanan veya bunlarla ba\u011flant\u0131l\u0131 herhangi bir uyu\u015fmazl\u0131k, \u0130stanbul Merkez (\u00c7a\u011flayan) \u0130cra ve \u0130flas Mahkemeleri ve \u0130cra Daireleri\u2019nin m\u00fcnhas\u0131r yarg\u0131 yetkisine tabidir.<\/p>\n<p>10. Son H\u00fck\u00fcmler<\/p>\n<p>\u0130\u015fbu Kullan\u0131m Ko\u015fullar\u0131\u2019nda yer alan herhangi bir h\u00fck\u00fcm, herhangi bir nedenle ge\u00e7ersiz veya uygulanamaz hale gelirse, bu durum di\u011fer h\u00fck\u00fcmlerin ge\u00e7erlili\u011fini veya uygulanabilirli\u011fini etkilemez.<\/p>\n<p>11. \u0130leti\u015fim<\/p>\n<p>Emlak Sitesi ile ilgili herhangi bir sorunuz veya \u015fikayetiniz olmas\u0131 durumunda, a\u015fa\u011f\u0131daki ileti\u015fim bilgilerini kullanabilirsiniz:<\/p>\n<p>* Adres: [piri mehmet pa\u015fa mah. atat\u00fcrk cad. no: 39 silivri\/ istanbul silivri istanbul \/ t\u00fcrkiye]<br \/>\n* Telefon: [<a href=\"tel:05343955053\">0534 349 50 53<\/a>]<br \/>\n* E-posta: [<a href=\"mailto:info@estatearabic.com\">info@estatearabic.com<\/a>]<\/p>\n","protected":false},"excerpt":{"rendered":"<p>Estate Arabic Kullan\u0131m Ko\u015fullar\u0131 1. Taraflar \u0130\u015fbu Emlak Web Sitesi Kullan\u0131m Ko\u015fullar\u0131 (\u201cKullan\u0131m Ko\u015fullar\u0131\u201d), [Estate Arabic] (\u201cEmlak Sitesi\u201d) taraf\u0131ndan i\u015fletilen [estatearabic.com] adresli web sitesini (\u201cWeb Sitesi\u201d) kullanan ger\u00e7ek veya t\u00fczel ki\u015filer (\u201cKullan\u0131c\u0131\u201d) ile Emlak Sitesi aras\u0131nda akdedilmi\u015ftir. 2. Kapsam Kullan\u0131m Ko\u015fullar\u0131, Kullan\u0131c\u0131\u2019n\u0131n Web Sitesi\u2019ni kullanmas\u0131n\u0131 d\u00fczenlemektedir. Kullan\u0131c\u0131, Web Sitesi\u2019ni kullanmakla, i\u015fbu Kullan\u0131m Ko\u015fullar\u0131\u2019n\u0131 kabul etmi\u015f [&hellip;]<\/p>\n","protected":false},"author":1,"featured_media":0,"parent":0,"menu_order":0,"comment_status":"closed","ping_status":"closed","template":"template\/template-page.php","meta":{"footnotes":""},"class_list":["post-748","page","type-page","status-publish","hentry"],"yoast_head":"<!-- This site is optimized with the Yoast SEO plugin v27.4 - https:\/\/yoast.com\/product\/yoast-seo-wordpress\/ -->\n<title>Kullan\u0131m Ko\u015fullar\u0131 - \u0634\u0631\u0643\u0629\u0639\u0642\u0627\u0631\u0643<\/title>\n<meta name=\"robots\" content=\"index, follow, max-snippet:-1, max-image-preview:large, max-video-preview:-1\" \/>\n<link rel=\"canonical\" href=\"https:\/\/estatearabic.com\/tr\/kullanim-kosullari\/\" \/>\n<meta property=\"og:locale\" content=\"tr_TR\" \/>\n<meta property=\"og:type\" content=\"article\" \/>\n<meta property=\"og:title\" content=\"Kullan\u0131m Ko\u015fullar\u0131 - \u0634\u0631\u0643\u0629\u0639\u0642\u0627\u0631\u0643\" \/>\n<meta property=\"og:description\" content=\"Estate Arabic Kullan\u0131m Ko\u015fullar\u0131 1. Taraflar \u0130\u015fbu Emlak Web Sitesi Kullan\u0131m Ko\u015fullar\u0131 (\u201cKullan\u0131m Ko\u015fullar\u0131\u201d), [Estate Arabic] (\u201cEmlak Sitesi\u201d) taraf\u0131ndan i\u015fletilen [estatearabic.com] adresli web sitesini (\u201cWeb Sitesi\u201d) kullanan ger\u00e7ek veya t\u00fczel ki\u015filer (\u201cKullan\u0131c\u0131\u201d) ile Emlak Sitesi aras\u0131nda akdedilmi\u015ftir. 2. Kapsam Kullan\u0131m Ko\u015fullar\u0131, Kullan\u0131c\u0131\u2019n\u0131n Web Sitesi\u2019ni kullanmas\u0131n\u0131 d\u00fczenlemektedir. Kullan\u0131c\u0131, Web Sitesi\u2019ni kullanmakla, i\u015fbu Kullan\u0131m Ko\u015fullar\u0131\u2019n\u0131 kabul etmi\u015f [&hellip;]\" \/>\n<meta property=\"og:url\" content=\"https:\/\/estatearabic.com\/tr\/kullanim-kosullari\/\" \/>\n<meta property=\"og:site_name\" content=\"\u0634\u0631\u0643\u0629\u0639\u0642\u0627\u0631\u0643\" \/>\n<meta property=\"article:publisher\" content=\"https:\/\/www.facebook.com\/estatearabic\" \/>\n<meta property=\"article:modified_time\" content=\"2023-12-04T15:20:41+00:00\" \/>\n<meta property=\"og:image\" content=\"https:\/\/estatearabic.com\/wp-content\/uploads\/2020\/12\/estate4ana.png\" \/>\n\t<meta property=\"og:image:width\" content=\"254\" \/>\n\t<meta property=\"og:image:height\" content=\"58\" \/>\n\t<meta property=\"og:image:type\" content=\"image\/png\" \/>\n<meta name=\"twitter:card\" content=\"summary_large_image\" \/>\n<meta name=\"twitter:site\" content=\"@mertestate\" \/>\n<meta name=\"twitter:label1\" content=\"Tahmini okuma s\u00fcresi\" \/>\n\t<meta name=\"twitter:data1\" content=\"3 dakika\" \/>\n<script type=\"application\/ld+json\" class=\"yoast-schema-graph\">{\"@context\":\"https:\\\/\\\/schema.org\",\"@graph\":[{\"@type\":\"WebPage\",\"@id\":\"https:\\\/\\\/estatearabic.com\\\/tr\\\/kullanim-kosullari\\\/\",\"url\":\"https:\\\/\\\/estatearabic.com\\\/tr\\\/kullanim-kosullari\\\/\",\"name\":\"Kullan\u0131m Ko\u015fullar\u0131 - \u0634\u0631\u0643\u0629\u0639\u0642\u0627\u0631\u0643\",\"isPartOf\":{\"@id\":\"https:\\\/\\\/estatearabic.com\\\/tr\\\/#website\"},\"datePublished\":\"2016-03-10T18:52:12+00:00\",\"dateModified\":\"2023-12-04T15:20:41+00:00\",\"breadcrumb\":{\"@id\":\"https:\\\/\\\/estatearabic.com\\\/tr\\\/kullanim-kosullari\\\/#breadcrumb\"},\"inLanguage\":\"tr\",\"potentialAction\":[{\"@type\":\"ReadAction\",\"target\":[\"https:\\\/\\\/estatearabic.com\\\/tr\\\/kullanim-kosullari\\\/\"]}]},{\"@type\":\"BreadcrumbList\",\"@id\":\"https:\\\/\\\/estatearabic.com\\\/tr\\\/kullanim-kosullari\\\/#breadcrumb\",\"itemListElement\":[{\"@type\":\"ListItem\",\"position\":1,\"name\":\"Home\",\"item\":\"https:\\\/\\\/estatearabic.com\\\/tr\\\/\"},{\"@type\":\"ListItem\",\"position\":2,\"name\":\"Kullan\u0131m Ko\u015fullar\u0131\"}]},{\"@type\":\"WebSite\",\"@id\":\"https:\\\/\\\/estatearabic.com\\\/tr\\\/#website\",\"url\":\"https:\\\/\\\/estatearabic.com\\\/tr\\\/\",\"name\":\"\u0645\u0631\u062a \u0644\u0644\u0639\u0642\u0627\u0631\u0627\u062a \u0639\u0642\u0627\u0631\u0627\u062a \u0634\u0642\u0642 \u0648\u0627\u0631\u0627\u0636\u064a \u0644\u0644\u0628\u064a\u0639 \u0641\u064a \u062a\u0631\u0643\u064a\u0627 \u0627\u0633\u0637\u0646\u0628\u0648\",\"description\":\"\u0634\u0642\u0642 \u0644\u0644\u0628\u064a\u0639 \u0641\u064a \u0627\u0633\u0637\u0646\u0628\u0648\u0644 \u0648\u0634\u0642\u0642 \u0644\u0644\u0628\u064a\u0639 \u0641\u064a \u062a\u0631\u0643\u064a\u0627 \u0628\u0648\u0627\u0633\u0637\u0629 \u0631\u0627\u0626\u062f\u0629 \u0627\u0644\u0625\u0633\u062a\u0634\u0627\u0631\u0627\u062a \u0623\u0631\u0627\u0636\u064a \u0648\u0645\u0632\u0627\u0631\u0639 \u0628\u0627\u0644\u062a\u0642\u0633\u064a\u0637 \u0648\u0628\u0623\u0633\u0639\u0627\u0631 \u0645\u0645\u064a\u0632\u0629 \u0641\u064a \u0643\u0627\u0641\u0629 \u0645\u062f\u0646 \u062a\u0631\u0643\u064a\u0627 \u0633\u064a\u0644\u0641\u0631\u064a \u0648 \u0627\u062f\u064a\u0631\u0646\u0627.\",\"publisher\":{\"@id\":\"https:\\\/\\\/estatearabic.com\\\/tr\\\/#organization\"},\"alternateName\":\"\u0645\u0631\u062a \u0644\u0644\u0639\u0642\u0627\u0631\u0627\u062a\",\"potentialAction\":[{\"@type\":\"SearchAction\",\"target\":{\"@type\":\"EntryPoint\",\"urlTemplate\":\"https:\\\/\\\/estatearabic.com\\\/tr\\\/?s={search_term_string}\"},\"query-input\":{\"@type\":\"PropertyValueSpecification\",\"valueRequired\":true,\"valueName\":\"search_term_string\"}}],\"inLanguage\":\"tr\"},{\"@type\":\"Organization\",\"@id\":\"https:\\\/\\\/estatearabic.com\\\/tr\\\/#organization\",\"name\":\"\u0645\u0631\u062a \u0644\u0644\u0639\u0642\u0627\u0631\u0627\u062a \u0639\u0642\u0627\u0631\u0627\u062a \u0634\u0642\u0642 \u0648\u0627\u0631\u0627\u0636\u064a \u0644\u0644\u0628\u064a\u0639 \u0641\u064a \u062a\u0631\u0643\u064a\u0627 \u0627\u0633\u0637\u0646\u0628\u0648\",\"alternateName\":\"\u0645\u0631\u062a \u0644\u0644\u0639\u0642\u0627\u0631\u0627\u062a\",\"url\":\"https:\\\/\\\/estatearabic.com\\\/tr\\\/\",\"logo\":{\"@type\":\"ImageObject\",\"inLanguage\":\"tr\",\"@id\":\"https:\\\/\\\/estatearabic.com\\\/tr\\\/#\\\/schema\\\/logo\\\/image\\\/\",\"url\":\"https:\\\/\\\/estatearabic.com\\\/wp-content\\\/uploads\\\/2020\\\/12\\\/estate4ana.png\",\"contentUrl\":\"https:\\\/\\\/estatearabic.com\\\/wp-content\\\/uploads\\\/2020\\\/12\\\/estate4ana.png\",\"width\":254,\"height\":58,\"caption\":\"\u0645\u0631\u062a \u0644\u0644\u0639\u0642\u0627\u0631\u0627\u062a \u0639\u0642\u0627\u0631\u0627\u062a \u0634\u0642\u0642 \u0648\u0627\u0631\u0627\u0636\u064a \u0644\u0644\u0628\u064a\u0639 \u0641\u064a \u062a\u0631\u0643\u064a\u0627 \u0627\u0633\u0637\u0646\u0628\u0648\"},\"image\":{\"@id\":\"https:\\\/\\\/estatearabic.com\\\/tr\\\/#\\\/schema\\\/logo\\\/image\\\/\"},\"sameAs\":[\"https:\\\/\\\/www.facebook.com\\\/estatearabic\",\"https:\\\/\\\/x.com\\\/mertestate\",\"https:\\\/\\\/www.instagram.com\\\/estatearabic\\\/\",\"https:\\\/\\\/www.youtube.com\\\/channel\\\/UCZ28bRxh7HU_DSJNyrYIHsg\"]}]}<\/script>\n<!-- \/ Yoast SEO plugin. -->","yoast_head_json":{"title":"Kullan\u0131m Ko\u015fullar\u0131 - \u0634\u0631\u0643\u0629\u0639\u0642\u0627\u0631\u0643","robots":{"index":"index","follow":"follow","max-snippet":"max-snippet:-1","max-image-preview":"max-image-preview:large","max-video-preview":"max-video-preview:-1"},"canonical":"https:\/\/estatearabic.com\/tr\/kullanim-kosullari\/","og_locale":"tr_TR","og_type":"article","og_title":"Kullan\u0131m Ko\u015fullar\u0131 - \u0634\u0631\u0643\u0629\u0639\u0642\u0627\u0631\u0643","og_description":"Estate Arabic Kullan\u0131m Ko\u015fullar\u0131 1. Taraflar \u0130\u015fbu Emlak Web Sitesi Kullan\u0131m Ko\u015fullar\u0131 (\u201cKullan\u0131m Ko\u015fullar\u0131\u201d), [Estate Arabic] (\u201cEmlak Sitesi\u201d) taraf\u0131ndan i\u015fletilen [estatearabic.com] adresli web sitesini (\u201cWeb Sitesi\u201d) kullanan ger\u00e7ek veya t\u00fczel ki\u015filer (\u201cKullan\u0131c\u0131\u201d) ile Emlak Sitesi aras\u0131nda akdedilmi\u015ftir. 2. Kapsam Kullan\u0131m Ko\u015fullar\u0131, Kullan\u0131c\u0131\u2019n\u0131n Web Sitesi\u2019ni kullanmas\u0131n\u0131 d\u00fczenlemektedir. Kullan\u0131c\u0131, Web Sitesi\u2019ni kullanmakla, i\u015fbu Kullan\u0131m Ko\u015fullar\u0131\u2019n\u0131 kabul etmi\u015f [&hellip;]","og_url":"https:\/\/estatearabic.com\/tr\/kullanim-kosullari\/","og_site_name":"\u0634\u0631\u0643\u0629\u0639\u0642\u0627\u0631\u0643","article_publisher":"https:\/\/www.facebook.com\/estatearabic","article_modified_time":"2023-12-04T15:20:41+00:00","og_image":[{"width":254,"height":58,"url":"https:\/\/estatearabic.com\/wp-content\/uploads\/2020\/12\/estate4ana.png","type":"image\/png"}],"twitter_card":"summary_large_image","twitter_site":"@mertestate","twitter_misc":{"Tahmini okuma s\u00fcresi":"3 dakika"},"schema":{"@context":"https:\/\/schema.org","@graph":[{"@type":"WebPage","@id":"https:\/\/estatearabic.com\/tr\/kullanim-kosullari\/","url":"https:\/\/estatearabic.com\/tr\/kullanim-kosullari\/","name":"Kullan\u0131m Ko\u015fullar\u0131 - \u0634\u0631\u0643\u0629\u0639\u0642\u0627\u0631\u0643","isPartOf":{"@id":"https:\/\/estatearabic.com\/tr\/#website"},"datePublished":"2016-03-10T18:52:12+00:00","dateModified":"2023-12-04T15:20:41+00:00","breadcrumb":{"@id":"https:\/\/estatearabic.com\/tr\/kullanim-kosullari\/#breadcrumb"},"inLanguage":"tr","potentialAction":[{"@type":"ReadAction","target":["https:\/\/estatearabic.com\/tr\/kullanim-kosullari\/"]}]},{"@type":"BreadcrumbList","@id":"https:\/\/estatearabic.com\/tr\/kullanim-kosullari\/#breadcrumb","itemListElement":[{"@type":"ListItem","position":1,"name":"Home","item":"https:\/\/estatearabic.com\/tr\/"},{"@type":"ListItem","position":2,"name":"Kullan\u0131m Ko\u015fullar\u0131"}]},{"@type":"WebSite","@id":"https:\/\/estatearabic.com\/tr\/#website","url":"https:\/\/estatearabic.com\/tr\/","name":"\u0645\u0631\u062a \u0644\u0644\u0639\u0642\u0627\u0631\u0627\u062a \u0639\u0642\u0627\u0631\u0627\u062a \u0634\u0642\u0642 \u0648\u0627\u0631\u0627\u0636\u064a \u0644\u0644\u0628\u064a\u0639 \u0641\u064a \u062a\u0631\u0643\u064a\u0627 \u0627\u0633\u0637\u0646\u0628\u0648","description":"\u0634\u0642\u0642 \u0644\u0644\u0628\u064a\u0639 \u0641\u064a \u0627\u0633\u0637\u0646\u0628\u0648\u0644 \u0648\u0634\u0642\u0642 \u0644\u0644\u0628\u064a\u0639 \u0641\u064a \u062a\u0631\u0643\u064a\u0627 \u0628\u0648\u0627\u0633\u0637\u0629 \u0631\u0627\u0626\u062f\u0629 \u0627\u0644\u0625\u0633\u062a\u0634\u0627\u0631\u0627\u062a \u0623\u0631\u0627\u0636\u064a \u0648\u0645\u0632\u0627\u0631\u0639 \u0628\u0627\u0644\u062a\u0642\u0633\u064a\u0637 \u0648\u0628\u0623\u0633\u0639\u0627\u0631 \u0645\u0645\u064a\u0632\u0629 \u0641\u064a \u0643\u0627\u0641\u0629 \u0645\u062f\u0646 \u062a\u0631\u0643\u064a\u0627 \u0633\u064a\u0644\u0641\u0631\u064a \u0648 \u0627\u062f\u064a\u0631\u0646\u0627.","publisher":{"@id":"https:\/\/estatearabic.com\/tr\/#organization"},"alternateName":"\u0645\u0631\u062a \u0644\u0644\u0639\u0642\u0627\u0631\u0627\u062a","potentialAction":[{"@type":"SearchAction","target":{"@type":"EntryPoint","urlTemplate":"https:\/\/estatearabic.com\/tr\/?s={search_term_string}"},"query-input":{"@type":"PropertyValueSpecification","valueRequired":true,"valueName":"search_term_string"}}],"inLanguage":"tr"},{"@type":"Organization","@id":"https:\/\/estatearabic.com\/tr\/#organization","name":"\u0645\u0631\u062a \u0644\u0644\u0639\u0642\u0627\u0631\u0627\u062a \u0639\u0642\u0627\u0631\u0627\u062a \u0634\u0642\u0642 \u0648\u0627\u0631\u0627\u0636\u064a \u0644\u0644\u0628\u064a\u0639 \u0641\u064a \u062a\u0631\u0643\u064a\u0627 \u0627\u0633\u0637\u0646\u0628\u0648","alternateName":"\u0645\u0631\u062a \u0644\u0644\u0639\u0642\u0627\u0631\u0627\u062a","url":"https:\/\/estatearabic.com\/tr\/","logo":{"@type":"ImageObject","inLanguage":"tr","@id":"https:\/\/estatearabic.com\/tr\/#\/schema\/logo\/image\/","url":"https:\/\/estatearabic.com\/wp-content\/uploads\/2020\/12\/estate4ana.png","contentUrl":"https:\/\/estatearabic.com\/wp-content\/uploads\/2020\/12\/estate4ana.png","width":254,"height":58,"caption":"\u0645\u0631\u062a \u0644\u0644\u0639\u0642\u0627\u0631\u0627\u062a \u0639\u0642\u0627\u0631\u0627\u062a \u0634\u0642\u0642 \u0648\u0627\u0631\u0627\u0636\u064a \u0644\u0644\u0628\u064a\u0639 \u0641\u064a \u062a\u0631\u0643\u064a\u0627 \u0627\u0633\u0637\u0646\u0628\u0648"},"image":{"@id":"https:\/\/estatearabic.com\/tr\/#\/schema\/logo\/image\/"},"sameAs":["https:\/\/www.facebook.com\/estatearabic","https:\/\/x.com\/mertestate","https:\/\/www.instagram.com\/estatearabic\/","https:\/\/www.youtube.com\/channel\/UCZ28bRxh7HU_DSJNyrYIHsg"]}]}},"_links":{"self":[{"href":"https:\/\/estatearabic.com\/tr\/wp-json\/wp\/v2\/pages\/748","targetHints":{"allow":["GET"]}}],"collection":[{"href":"https:\/\/estatearabic.com\/tr\/wp-json\/wp\/v2\/pages"}],"about":[{"href":"https:\/\/estatearabic.com\/tr\/wp-json\/wp\/v2\/types\/page"}],"author":[{"embeddable":true,"href":"https:\/\/estatearabic.com\/tr\/wp-json\/wp\/v2\/users\/1"}],"replies":[{"embeddable":true,"href":"https:\/\/estatearabic.com\/tr\/wp-json\/wp\/v2\/comments?post=748"}],"version-history":[{"count":0,"href":"https:\/\/estatearabic.com\/tr\/wp-json\/wp\/v2\/pages\/748\/revisions"}],"wp:attachment":[{"href":"https:\/\/estatearabic.com\/tr\/wp-json\/wp\/v2\/media?parent=748"}],"curies":[{"name":"wp","href":"https:\/\/api.w.org\/{rel}","templated":true}]}}